{"id":3281,"date":"2020-12-10T12:39:47","date_gmt":"2020-12-10T12:39:47","guid":{"rendered":"http:\/\/revoltfood.com\/?post_type=product&#038;p=3281"},"modified":"2022-06-14T11:49:13","modified_gmt":"2022-06-14T11:49:13","slug":"revolucia-bottle","status":"publish","type":"product","link":"https:\/\/revoltfood.com\/es_es\/producto\/revolucia-bottle\/","title":{"rendered":"REVOLT Elixir, 0,5 Litros La Huertezuela"},"content":{"rendered":"<p>&nbsp;<\/p>\n<div id=\"urban_overlay\"><\/div>","protected":false},"excerpt":{"rendered":"<p><span style=\"font-weight: 400;\">Producer: <\/span><span style=\"font-weight: 400;\">Almazara el Manzanillo S.L.<\/span><\/p>\n<p><span style=\"font-weight: 400;\">Varieties:<\/span> <span style=\"font-weight: 400;\">Hojiblanca, Manzanilla &amp; Lech\u00edn<\/span><\/p>\n<p><span style=\"font-weight: 400;\">Origin:<\/span> <span style=\"font-weight: 400;\">La Huertezuela de Jos\u00e9 S\u00e1nchez Benitez, El Gastor, C\u00e1diz<\/span><span style=\"font-weight: 400;\"><br \/>\n<\/span><span style=\"font-weight: 400;\">Harvest Date:<\/span> <span style=\"font-weight: 400;\">October \/ November 2021<\/span><span style=\"font-weight: 400;\"><br \/>\n<\/span><span style=\"font-weight: 400;\">Initial Shipping:<\/span> <span style=\"font-weight: 400;\">December<\/span><span style=\"font-weight: 400;\"> 2021<\/span><span style=\"font-weight: 400;\"><br \/>\n<\/span><span style=\"font-weight: 400;\">Region:<\/span> <span style=\"font-weight: 400;\">Sierra de C\u00e1diz , Andaluc\u00eda, Spain<\/span><span style=\"font-weight: 400;\"><br \/>\n<\/span><span style=\"font-weight: 400;\">Attributes:<\/span> <span style=\"font-weight: 400;\">very fruity, smooth oil reminiscent of freshly cut herbs,<\/span><span style=\"font-weight: 400;\"><br \/>\n<\/span> <span style=\"font-weight: 400;\">almendras dulces y manzana, amargor decente con un <\/span><span style=\"font-weight: 400;\">final picante.<\/span><\/p>\n<p>Health benefits: This is an olive oil with extremely low acidity (0,19%), an extraordinarily low peroxide level (7) and a very high polyphenol content (around 400mg\/l), which basically makes it a medicinal food that fights <span style=\"font-weight: 400;\">cellular oxidative stress, <\/span><span style=\"font-weight: 400;\">balances blood cholesterol levels, reduces risk of chronic, degenerative disease, and strongly supports controlled blood sugar levels.<\/span><\/p>\n<p><span style=\"font-weight: 400;\">Availability:<\/span> <span style=\"font-weight: 400;\">600<\/span><span style=\"font-weight: 400;\"> bottles<\/span><\/p>\n<p><span style=\"font-weight: 400;\">Member Price<\/span> <span style=\"font-weight: 400;\">\u20ac 19,&#8211; inclusive of VAT, ex domestic shipping<\/span><span style=\"font-weight: 400;\"><br \/>\n<\/span><span style=\"font-weight: 400;\">Public Price<\/span> <span style=\"font-weight: 400;\">\u20ac 22,&#8211; inclusive of VAT, ex domestic shipping<\/span><\/p>\n<p>Find our Vienna pick-up station <a href=\"http:\/\/alexriegler.com\/kontakt\/\">aqu\u00ed<\/a>.<\/p>\n<p>&nbsp;<\/p>\n<div id=\"urban_overlay\"><\/div>","protected":false},"featured_media":4045,"comment_status":"open","ping_status":"closed","template":"","meta":[],"product_cat":[42],"product_tag":[],"class_list":{"0":"post-3281","1":"product","2":"type-product","3":"status-publish","4":"has-post-thumbnail","6":"product_cat-uncategorized","8":"first","9":"instock","10":"sale","11":"taxable","12":"shipping-taxable","13":"purchasable","14":"product-type-simple"},"jetpack_sharing_enabled":true,"_links":{"self":[{"href":"https:\/\/revoltfood.com\/es_es\/wp-json\/wp\/v2\/product\/3281","targetHints":{"allow":["GET"]}}],"collection":[{"href":"https:\/\/revoltfood.com\/es_es\/wp-json\/wp\/v2\/product"}],"about":[{"href":"https:\/\/revoltfood.com\/es_es\/wp-json\/wp\/v2\/types\/product"}],"replies":[{"embeddable":true,"href":"https:\/\/revoltfood.com\/es_es\/wp-json\/wp\/v2\/comments?post=3281"}],"wp:featuredmedia":[{"embeddable":true,"href":"https:\/\/revoltfood.com\/es_es\/wp-json\/wp\/v2\/media\/4045"}],"wp:attachment":[{"href":"https:\/\/revoltfood.com\/es_es\/wp-json\/wp\/v2\/media?parent=3281"}],"wp:term":[{"taxonomy":"product_cat","embeddable":true,"href":"https:\/\/revoltfood.com\/es_es\/wp-json\/wp\/v2\/product_cat?post=3281"},{"taxonomy":"product_tag","embeddable":true,"href":"https:\/\/revoltfood.com\/es_es\/wp-json\/wp\/v2\/product_tag?post=3281"}],"curies":[{"name":"wp","href":"https:\/\/api.w.org\/{rel}","templated":true}]}}