{"id":3622,"date":"2021-02-08T11:35:38","date_gmt":"2021-02-08T11:35:38","guid":{"rendered":"http:\/\/revoltfood.com\/?page_id=3622"},"modified":"2021-02-08T12:29:31","modified_gmt":"2021-02-08T12:29:31","slug":"revolt-racers-the-game","status":"publish","type":"page","link":"https:\/\/revoltfood.com\/es_es\/revolt-racers-the-game\/","title":{"rendered":"REVOLT RACERS &#8211; the game"},"content":{"rendered":"<section class=\"av_textblock_section\"  itemscope=\"itemscope\" itemtype=\"https:\/\/schema.org\/CreativeWork\" ><div class='avia_textblock'   itemprop=\"text\" ><p><i><span style=\"font-weight: 400\">CORREDORES DE REVOLT<\/span><\/i><\/p>\n<p><span style=\"font-weight: 400\"><em>CORREDORES DE REVOLT<\/em> es un juego 100% an\u00e1logo muy simple. Solo necesitas una hoja de papel para dibujar una pista de carrera (o descarga una de nuestras pistas R-E-V-O-L-T m\u00e1s abajo) y un l\u00e1piz de color para cada corredor.<\/span><\/p>\n<p><span style=\"font-weight: 400\">PAUTAS<\/span><\/p>\n<p><span style=\"font-weight: 400\">Vea las explicaciones en la imagen para m\u00e1s detalles.<\/span><\/p>\n<p><span style=\"font-weight: 400\">1<\/span> <em><span style=\"font-weight: 400\">Decisiones<\/span><\/em><span style=\"font-weight: 400\"><em> se tomar\u00e1 colectivamente<\/em> \u2013 discuta (pero no pelee sobre) como de largo era un tiro o si un corredor acaba de chocar \u2013 sea amable y trate a los otros corredores de la manera en que le gustar\u00eda que lo trataran a ti.<\/span><\/p>\n<p><span style=\"font-weight: 400\">2<\/span> <em><span style=\"font-weight: 400\">Juega piedra, papel o tijera<\/span><\/em><span style=\"font-weight: 400\"> para saber qui\u00e9n empieza. Coloque tu marca en cualquier lugar de la l\u00ednea de salida.<\/span><\/p>\n<p><span style=\"font-weight: 400\">3<\/span> <em><span style=\"font-weight: 400\">\u00bfComo tiro<\/span><\/em><span style=\"font-weight: 400\"><em>?<\/em> Coloque tu l\u00e1piz de color en posici\u00f3n vertical sobre su marca. Luego comience a inclinarlo hasta que pierda agarre y se deslice, dejando una l\u00ednea recta en el papel.<\/span><\/p>\n<p><span style=\"font-weight: 400\">4<\/span> <em><span style=\"font-weight: 400\">\u00bfComo de largo es el tiro<\/span><\/em><span style=\"font-weight: 400\"><em>?<\/em> Recomendamos que una toma termine donde deja la \u00faltima marca perceptible, lo que, por supuesto, siempre es un poco discutible.<\/span><\/p>\n<p><span style=\"font-weight: 400\">5<\/span> <em>\u00bfQue es un choque<\/em><span style=\"font-weight: 400\"><em>?<\/em> Cuando tu l\u00ednea pasa claramente a trav\u00e9s del contorno negro de la pista, se estrella. Si solo toca el borde y su l\u00ednea termina dentro de la pista, est\u00e1 bien. Marcamos cada choque con una se\u00f1al (principalmente porque se ve gracioso). Cuando chocas, pierdes un giro. <\/span><span style=\"font-weight: 400\">Nota: no puedes chocar con otr@s jugador@s<\/span><\/p>\n<p><span style=\"font-weight: 400\">6<\/span> <em><span style=\"font-weight: 400\">\u00bfQu\u00e9 son las manchas verdes<\/span><\/em><span style=\"font-weight: 400\"><em>?<\/em> Estos son los derrames de aceite. Cuando tu tiro termina dentro de uno de estos puntos, no haces ning\u00fan movimiento y comienzas desde la misma posici\u00f3n en la siguiente ronda. Si tu disparo atraviesa el derrame de petr\u00f3leo, est\u00e1s bien.<\/span><\/p>\n<p><span style=\"font-weight: 400\">7<\/span> <em><span style=\"font-weight: 400\">\u00bfQui\u00e9n gana<\/span><\/em><span style=\"font-weight: 400\"><em>?<\/em> Quien est\u00e9 en cabeza despu\u00e9s de que uno de los jugadores pase la l\u00ednea de meta y se juegue el \u00faltimo tiro de esta ronda. Nota: cuando chocas despu\u00e9s de pasar la l\u00ednea de meta, tus oponentes que vienen detr\u00e1s de ti en la misma ronda tienen dos tiros m\u00e1s.<\/span><\/p>\n<\/div><\/section>\n<div class='avia-image-container  av-styling-    avia-align-center'  itemprop=\"ImageObject\" itemscope=\"itemscope\" itemtype=\"https:\/\/schema.org\/ImageObject\"  ><div class='avia-image-container-inner'><div class='avia-image-overlay-wrap'><img class='avia_image' src='https:\/\/revoltfood.com\/wp-content\/uploads\/2021\/02\/REVOLT-RACER-explanation.jpeg' alt='' title='REVOLT RACER explanation' height=\"2276\" width=\"1656\"  itemprop=\"thumbnailUrl\"  \/><\/div><\/div><\/div>\n<div class='avia-gallery  avia-gallery-1 animations_off  avia_animate_when_visible'  itemprop=\"ImageObject\" itemscope=\"itemscope\" itemtype=\"https:\/\/schema.org\/ImageObject\" ><div class='avia-gallery-thumb'> <a href='https:\/\/revoltfood.com\/wp-content\/uploads\/2021\/02\/R-jpg-772x1030.jpg' data-rel='gallery-1' data-prev-img='https:\/\/revoltfood.com\/wp-content\/uploads\/2021\/02\/R-jpg-495x400.jpg' class='first_thumb lightbox' data-onclick='1' title='Reason track'  itemprop=\"thumbnailUrl\" ><img data-avia-tooltip='Reason track' src='https:\/\/revoltfood.com\/wp-content\/uploads\/2021\/02\/R-jpg-495x400.jpg' width='495' height='400'  title='R jpg' alt='' \/><\/a> <a href='https:\/\/revoltfood.com\/wp-content\/uploads\/2021\/02\/E-jpeg-728x1030.jpg' data-rel='gallery-1' data-prev-img='https:\/\/revoltfood.com\/wp-content\/uploads\/2021\/02\/E-jpeg-495x400.jpg' class='lightbox' data-onclick='2' title='Empathy track'  itemprop=\"thumbnailUrl\" ><img data-avia-tooltip='Empathy track' src='https:\/\/revoltfood.com\/wp-content\/uploads\/2021\/02\/E-jpeg-495x400.jpg' width='495' height='400'  title='E jpeg' alt='' \/><\/a> <a href='https:\/\/revoltfood.com\/wp-content\/uploads\/2021\/02\/V-jpg-728x1030.jpg' data-rel='gallery-1' data-prev-img='https:\/\/revoltfood.com\/wp-content\/uploads\/2021\/02\/V-jpg-495x400.jpg' class='lightbox' data-onclick='3' title='Virtue track'  itemprop=\"thumbnailUrl\" ><img data-avia-tooltip='Virtue track' src='https:\/\/revoltfood.com\/wp-content\/uploads\/2021\/02\/V-jpg-495x400.jpg' width='495' height='400'  title='V jpg' alt='' \/><\/a> <a href='https:\/\/revoltfood.com\/wp-content\/uploads\/2021\/02\/O-jpg-728x1030.jpg' data-rel='gallery-1' data-prev-img='https:\/\/revoltfood.com\/wp-content\/uploads\/2021\/02\/O-jpg-495x400.jpg' class='first_thumb lightbox' data-onclick='4' title='Open track'  itemprop=\"thumbnailUrl\" ><img data-avia-tooltip='Open track' src='https:\/\/revoltfood.com\/wp-content\/uploads\/2021\/02\/O-jpg-495x400.jpg' width='495' height='400'  title='O jpg' alt='' \/><\/a> <a href='https:\/\/revoltfood.com\/wp-content\/uploads\/2021\/02\/L-jpg-728x1030.jpg' data-rel='gallery-1' data-prev-img='https:\/\/revoltfood.com\/wp-content\/uploads\/2021\/02\/L-jpg-495x400.jpg' class='lightbox' data-onclick='5' title='Lovers track'  itemprop=\"thumbnailUrl\" ><img data-avia-tooltip='Lovers track' src='https:\/\/revoltfood.com\/wp-content\/uploads\/2021\/02\/L-jpg-495x400.jpg' width='495' height='400'  title='L jpg' alt='' \/><\/a> <a href='https:\/\/revoltfood.com\/wp-content\/uploads\/2021\/02\/T-jpg-728x1030.jpg' data-rel='gallery-1' data-prev-img='https:\/\/revoltfood.com\/wp-content\/uploads\/2021\/02\/T-jpg-495x400.jpg' class='lightbox' data-onclick='6' title='Truth track'  itemprop=\"thumbnailUrl\" ><img data-avia-tooltip='Truth track' src='https:\/\/revoltfood.com\/wp-content\/uploads\/2021\/02\/T-jpg-495x400.jpg' width='495' height='400'  title='T jpg' alt='' \/><\/a><\/div><\/div>","protected":false},"excerpt":{"rendered":"","protected":false},"author":2,"featured_media":0,"parent":0,"menu_order":0,"comment_status":"closed","ping_status":"closed","template":"","meta":{"footnotes":""},"class_list":["post-3622","page","type-page","status-publish","hentry"],"jetpack_sharing_enabled":true,"_links":{"self":[{"href":"https:\/\/revoltfood.com\/es_es\/wp-json\/wp\/v2\/pages\/3622","targetHints":{"allow":["GET"]}}],"collection":[{"href":"https:\/\/revoltfood.com\/es_es\/wp-json\/wp\/v2\/pages"}],"about":[{"href":"https:\/\/revoltfood.com\/es_es\/wp-json\/wp\/v2\/types\/page"}],"author":[{"embeddable":true,"href":"https:\/\/revoltfood.com\/es_es\/wp-json\/wp\/v2\/users\/2"}],"replies":[{"embeddable":true,"href":"https:\/\/revoltfood.com\/es_es\/wp-json\/wp\/v2\/comments?post=3622"}],"version-history":[{"count":2,"href":"https:\/\/revoltfood.com\/es_es\/wp-json\/wp\/v2\/pages\/3622\/revisions"}],"predecessor-version":[{"id":3661,"href":"https:\/\/revoltfood.com\/es_es\/wp-json\/wp\/v2\/pages\/3622\/revisions\/3661"}],"wp:attachment":[{"href":"https:\/\/revoltfood.com\/es_es\/wp-json\/wp\/v2\/media?parent=3622"}],"curies":[{"name":"wp","href":"https:\/\/api.w.org\/{rel}","templated":true}]}}