{"id":3350,"date":"2020-12-10T13:38:21","date_gmt":"2020-12-10T13:38:21","guid":{"rendered":"http:\/\/revoltfood.com\/?page_id=3350"},"modified":"2021-02-08T15:22:15","modified_gmt":"2021-02-08T15:22:15","slug":"events","status":"publish","type":"page","link":"https:\/\/revoltfood.com\/es_es\/events\/","title":{"rendered":"EVENTOS"},"content":{"rendered":"<div class=\"flex_column av_one_full  flex_column_div av-zero-column-padding first\" style='border-radius:0px; '><section class=\"av_textblock_section\"  itemscope=\"itemscope\" itemtype=\"https:\/\/schema.org\/CreativeWork\" ><div class='avia_textblock'   itemprop=\"text\" ><h1 style=\"text-align: center\"><span style=\"font-weight: 400\">EVENTOS<\/span><\/h1>\n<\/div><\/section><\/div>\n<div class=\"flex_column av_one_half  flex_column_div av-zero-column-padding first\" style='border-radius:0px; '><div class='avia-image-container  av-styling-  noHover  av-overlay-hover-deactivate   avia-align-center'  itemprop=\"ImageObject\" itemscope=\"itemscope\" itemtype=\"https:\/\/schema.org\/ImageObject\"  ><div class='avia-image-container-inner'><div class='avia-image-overlay-wrap'><div class='av-image-caption-overlay'><div class='av-caption-image-overlay-bg' style='opacity:0.2; background-color:#000000; '><\/div><div class='av-image-caption-overlay-position'><div class='av-image-caption-overlay-center' style='color:#ffffff; '><p>toasted bread with our olive oil and sardines on raspberry jam sprinkled with dark chocolate &#8211; the winner of our 2020 tastings<\/p>\n<\/div><\/div><\/div><img class='avia_image' src='https:\/\/revoltfood.com\/wp-content\/uploads\/2020\/12\/Revolt-TASTING.jpg' alt='' title='Revolt-TASTING' height=\"1333\" width=\"1000\"  itemprop=\"thumbnailUrl\"  \/><\/div><\/div><\/div><\/div>\n<div class=\"flex_column av_one_half  flex_column_div av-zero-column-padding\" style='border-radius:0px; '><p><section class=\"av_textblock_section\"  itemscope=\"itemscope\" itemtype=\"https:\/\/schema.org\/CreativeWork\" ><div class='avia_textblock'   itemprop=\"text\" ><p><span style=\"font-weight: 400\">REVOLTFOOD te ayuda a adoptar un olivo y te ofrece una manera de obtener tu reserva anual de aceite de oliva mientras evitas que talen un viejo olivo, ayudas a salvar un ecosistema que est\u00e1 en v\u00edas de extinci\u00f3n y apoyas a una familia local para ganarse la vida.<\/span><span style=\"font-weight: 400\"><br \/>\n<\/span><span style=\"font-weight: 400\">Para saber m\u00e1s de todo esto en una conversaci\u00f3n personal ac\u00e9rcate a una de nuestras veladas de <\/span><i><span style=\"font-weight: 400\">Tasting Andaluc\u00eda<\/span><\/i><span style=\"font-weight: 400\"> que retomaremos en cuanto la situaci\u00f3n general lo permita.<\/span><\/p>\n<p><span style=\"font-weight: 400\">Podr\u00e1s disfrutar de nuestro extraordinario aceite fresco acompa\u00f1ado de unas aceitunas andaluzas y queso, y mimarte, si quieres, con alguna sabrosa sorpresa que te podamos ofrecer, as\u00ed como una selecci\u00f3n de grandes vinos naturales de <\/span><a href=\"http:\/\/www.vinifero.at\/\"><span style=\"font-weight: 400\">Vinifero<\/span><\/a><span style=\"font-weight: 400\">\u00a0y la luz de las velas por <\/span><a href=\"http:\/\/www.fuegosanto.net\/\"><span style=\"font-weight: 400\">fuego santo<\/span><\/a><span style=\"font-weight: 400\">. Son tambi\u00e9n buenas ocasiones para hablar en profundidad de los beneficios para la salud que aporta nuestro aceite.<\/span><\/p>\n<p><span style=\"font-weight: 400\">Si desea una invitaci\u00f3n para uno de nuestros eventos, env\u00edenos un mensaje a trav\u00e9s del siguiente formulario.<\/span><\/p>\n<p><span style=\"font-weight: 400\">Lugares de presentaci\u00f3n:<\/span><\/p>\n<p><a href=\"http:\/\/www.ltdv.at\/\"><b>La Tana della Volpe<\/b><span style=\"font-weight: 400\"><br \/>\n<\/span><\/a><span style=\"font-weight: 400\">Theresienbadgasse 1<\/span><span style=\"font-weight: 400\"><br \/>\n<\/span><span style=\"font-weight: 400\">1120 Wien<\/span><\/p>\n<p><a href=\"http:\/\/alexriegler.com\/\"><b>Licht Werkstatt<\/b><span style=\"font-weight: 400\"><br \/>\n<\/span><\/a><span style=\"font-weight: 400\">Fillgradergasse 11<\/span><span style=\"font-weight: 400\"><br \/>\n<\/span><span style=\"font-weight: 400\">1060 Vienna<\/span><\/p>\n<p><span style=\"font-weight: 400\">Solicite una invitaci\u00f3n, nos complace leer de ti.<\/span><span style=\"font-weight: 400\"><br \/>\n<\/span><\/p>\n<\/div><\/section><br \/>\n<section class=\"av_textblock_section\"  itemscope=\"itemscope\" itemtype=\"https:\/\/schema.org\/CreativeWork\" ><div class='avia_textblock'   itemprop=\"text\" ><div class=\"wpforms-container wpforms-container-full\" id=\"wpforms-3353\"><form id=\"wpforms-form-3353\" class=\"wpforms-validate wpforms-form\" data-formid=\"3353\" method=\"post\" enctype=\"multipart\/form-data\" action=\"\/es_es\/wp-json\/wp\/v2\/pages\/3350\" data-token=\"48dce0067c5f8a6f967db0841e4643e8\" data-trp-original-action=\"\/es_es\/wp-json\/wp\/v2\/pages\/3350\"><noscript class=\"wpforms-error-noscript\">Por favor, activa JavaScript en tu navegador para completar este formulario.<\/noscript><div class=\"wpforms-field-container\"><div id=\"wpforms-3353-field_0-container\" class=\"wpforms-field wpforms-field-name\" data-field-id=\"0\"><label class=\"wpforms-field-label\" for=\"wpforms-3353-field_0\">nombre <span class=\"wpforms-required-label\">*<\/span><\/label><div class=\"wpforms-field-row wpforms-field-medium\"><div class=\"wpforms-field-row-block wpforms-first wpforms-one-half\"><input type=\"text\" id=\"wpforms-3353-field_0\" class=\"wpforms-field-name-first wpforms-field-required\" name=\"wpforms[fields][0][first]\" required><label for=\"wpforms-3353-field_0\" class=\"wpforms-field-sublabel after\">Nombre<\/label><\/div><div class=\"wpforms-field-row-block wpforms-one-half\"><input type=\"text\" id=\"wpforms-3353-field_0-last\" class=\"wpforms-field-name-last wpforms-field-required\" name=\"wpforms[fields][0][last]\" required><label for=\"wpforms-3353-field_0-last\" class=\"wpforms-field-sublabel after\">Apellidos<\/label><\/div><\/div><\/div><div id=\"wpforms-3353-field_1-container\" class=\"wpforms-field wpforms-field-email\" data-field-id=\"1\"><label class=\"wpforms-field-label\" for=\"wpforms-3353-field_1\">correo electr\u00f3nico <span class=\"wpforms-required-label\">*<\/span><\/label><input type=\"email\" id=\"wpforms-3353-field_1\" class=\"wpforms-field-medium wpforms-field-required\" name=\"wpforms[fields][1]\" spellcheck=\"false\" required><\/div><div id=\"wpforms-3353-field_2-container\" class=\"wpforms-field wpforms-field-textarea\" data-field-id=\"2\"><label class=\"wpforms-field-label\" for=\"wpforms-3353-field_2\">mensaje <span class=\"wpforms-required-label\">*<\/span><\/label><textarea id=\"wpforms-3353-field_2\" class=\"wpforms-field-medium wpforms-field-required\" name=\"wpforms[fields][2]\" required><\/textarea><\/div><\/div><!-- .wpforms-field-container --><div class=\"wpforms-submit-container\" ><input type=\"hidden\" name=\"wpforms[id]\" value=\"3353\"><input type=\"hidden\" name=\"wpforms[author]\" value=\"1\"><button type=\"submit\" name=\"wpforms[submit]\" id=\"wpforms-submit-3353\" class=\"wpforms-submit\" data-alt-text=\"Sending...\" data-submit-text=\"Submit\" aria-live=\"assertive\" value=\"wpforms-submit\">enviar<\/button><\/div><input type=\"hidden\" name=\"trp-form-language\" value=\"es_es\"\/><\/form><\/div>  <!-- .wpforms-container -->\n<\/div><\/section><\/p><\/div>","protected":false},"excerpt":{"rendered":"","protected":false},"author":1,"featured_media":0,"parent":0,"menu_order":0,"comment_status":"closed","ping_status":"closed","template":"","meta":{"footnotes":""},"class_list":["post-3350","page","type-page","status-publish","hentry"],"jetpack_sharing_enabled":true,"_links":{"self":[{"href":"https:\/\/revoltfood.com\/es_es\/wp-json\/wp\/v2\/pages\/3350","targetHints":{"allow":["GET"]}}],"collection":[{"href":"https:\/\/revoltfood.com\/es_es\/wp-json\/wp\/v2\/pages"}],"about":[{"href":"https:\/\/revoltfood.com\/es_es\/wp-json\/wp\/v2\/types\/page"}],"author":[{"embeddable":true,"href":"https:\/\/revoltfood.com\/es_es\/wp-json\/wp\/v2\/users\/1"}],"replies":[{"embeddable":true,"href":"https:\/\/revoltfood.com\/es_es\/wp-json\/wp\/v2\/comments?post=3350"}],"version-history":[{"count":7,"href":"https:\/\/revoltfood.com\/es_es\/wp-json\/wp\/v2\/pages\/3350\/revisions"}],"predecessor-version":[{"id":3701,"href":"https:\/\/revoltfood.com\/es_es\/wp-json\/wp\/v2\/pages\/3350\/revisions\/3701"}],"wp:attachment":[{"href":"https:\/\/revoltfood.com\/es_es\/wp-json\/wp\/v2\/media?parent=3350"}],"curies":[{"name":"wp","href":"https:\/\/api.w.org\/{rel}","templated":true}]}}