{"id":3346,"date":"2020-12-10T13:32:40","date_gmt":"2020-12-10T13:32:40","guid":{"rendered":"http:\/\/revoltfood.com\/?page_id=3346"},"modified":"2022-02-26T15:31:53","modified_gmt":"2022-02-26T15:31:53","slug":"superspreader","status":"publish","type":"page","link":"https:\/\/revoltfood.com\/es_es\/superspreader\/","title":{"rendered":"DISTRIBUIDOR DE ACEITE"},"content":{"rendered":"<div class=\"flex_column av_one_full  flex_column_div av-zero-column-padding first\" style='border-radius:0px; '><section class=\"av_textblock_section\"  itemscope=\"itemscope\" itemtype=\"https:\/\/schema.org\/CreativeWork\" ><div class='avia_textblock'   itemprop=\"text\" ><h1 style=\"text-align: center;\"><span style=\"font-weight: 400;\">\u00a1ser un distribuidor de aceite <\/span><span style=\"font-weight: 400;\">&#8211; <\/span><span style=\"font-weight: 400;\">FORMA PARTE DE REVOLT <\/span><span style=\"font-weight: 400;\">REVOLT<\/span><span style=\"font-weight: 400;\"> y ll\u00e9vate tu aceite gratis!<\/span><\/h1>\n<\/div><\/section><\/div><div class=\"flex_column av_one_fifth  flex_column_div av-zero-column-padding first\" style='border-radius:0px; '><\/div><\/p>\n<div class=\"flex_column av_three_fifth  flex_column_div av-zero-column-padding\" style='border-radius:0px; '><section class=\"av_textblock_section\"  itemscope=\"itemscope\" itemtype=\"https:\/\/schema.org\/CreativeWork\" ><div class='avia_textblock'   itemprop=\"text\" ><p style=\"text-align: left;\"><span style=\"font-weight: 400;\">Sea parte de nuestra red: ayude a correr la voz sobre nuestro proyecto y gane dinero u obtenga tu aceite de oliva gratis.<\/span><\/p>\n<p style=\"text-align: left;\"><span style=\"font-weight: 400;\">Todo el mundo puede convertirse en distribuidor de aceite: escr\u00edbanos a trav\u00e9s del siguiente formulario.<\/span><\/p>\n<p style=\"text-align: left;\"><span style=\"font-weight: 400;\">Simplemente motive a algunos de tus amigos y familiares a participar tambi\u00e9n en nuestra b\u00fasqueda para salvar los viejos olivos.<\/span><\/p>\n<p style=\"text-align: left;\"><span style=\"font-weight: 400;\">Por cada nuevo suscriptor que se refiere a ti te regalamos 30\u20ac en efectivo. As\u00ed que si tus dos t\u00edos, tu hermana, cuatro de tus amigos, tu jefe y estos dos chistosos de la barber\u00eda se suscriben, tu aceite ya viene gratis y todos ellos obtienen algunos extras como <a href=\"https:\/\/revoltfood.com\/es_es\/green-marinated-olives\/\">aceitunas marinadas<\/a> junto con su aceite. Solo aseg\u00farete de que ponen tu nombre en el campo de mensaje cuando <a href=\"https:\/\/revoltfood.com\/es_es\/subscription\/\">se suscriben<\/a>.<\/span><\/p>\n<\/div><\/section><br \/>\n<section class=\"av_textblock_section\"  itemscope=\"itemscope\" itemtype=\"https:\/\/schema.org\/CreativeWork\" ><div class='avia_textblock'   itemprop=\"text\" ><div class=\"wpforms-container wpforms-container-full\" id=\"wpforms-3348\"><form id=\"wpforms-form-3348\" class=\"wpforms-validate wpforms-form\" data-formid=\"3348\" method=\"post\" enctype=\"multipart\/form-data\" action=\"\/es_es\/wp-json\/wp\/v2\/pages\/3346\" data-token=\"a092838069a0863e8bf86b9b7c73a58d\" data-trp-original-action=\"\/es_es\/wp-json\/wp\/v2\/pages\/3346\"><noscript class=\"wpforms-error-noscript\">Por favor, activa JavaScript en tu navegador para completar este formulario.<\/noscript><div class=\"wpforms-field-container\"><div id=\"wpforms-3348-field_0-container\" class=\"wpforms-field wpforms-field-name\" data-field-id=\"0\"><label class=\"wpforms-field-label\" for=\"wpforms-3348-field_0\">nombre <span class=\"wpforms-required-label\">*<\/span><\/label><div class=\"wpforms-field-row wpforms-field-medium\"><div class=\"wpforms-field-row-block wpforms-first wpforms-one-half\"><input type=\"text\" id=\"wpforms-3348-field_0\" class=\"wpforms-field-name-first wpforms-field-required\" name=\"wpforms[fields][0][first]\" required><label for=\"wpforms-3348-field_0\" class=\"wpforms-field-sublabel after\">Nombre<\/label><\/div><div class=\"wpforms-field-row-block wpforms-one-half\"><input type=\"text\" id=\"wpforms-3348-field_0-last\" class=\"wpforms-field-name-last wpforms-field-required\" name=\"wpforms[fields][0][last]\" required><label for=\"wpforms-3348-field_0-last\" class=\"wpforms-field-sublabel after\">Apellidos<\/label><\/div><\/div><\/div><div id=\"wpforms-3348-field_1-container\" class=\"wpforms-field wpforms-field-email\" data-field-id=\"1\"><label class=\"wpforms-field-label\" for=\"wpforms-3348-field_1\">correo electr\u00f3nico <span class=\"wpforms-required-label\">*<\/span><\/label><input type=\"email\" id=\"wpforms-3348-field_1\" class=\"wpforms-field-medium wpforms-field-required\" name=\"wpforms[fields][1]\" spellcheck=\"false\" required><\/div><div id=\"wpforms-3348-field_2-container\" class=\"wpforms-field wpforms-field-textarea\" data-field-id=\"2\"><label class=\"wpforms-field-label\" for=\"wpforms-3348-field_2\">mensaje <span class=\"wpforms-required-label\">*<\/span><\/label><textarea id=\"wpforms-3348-field_2\" class=\"wpforms-field-medium wpforms-field-required\" name=\"wpforms[fields][2]\" required><\/textarea><\/div><\/div><!-- .wpforms-field-container --><div class=\"wpforms-submit-container\" ><input type=\"hidden\" name=\"wpforms[id]\" value=\"3348\"><input type=\"hidden\" name=\"wpforms[author]\" value=\"1\"><button type=\"submit\" name=\"wpforms[submit]\" id=\"wpforms-submit-3348\" class=\"wpforms-submit\" data-alt-text=\"Sending...\" data-submit-text=\"Submit\" aria-live=\"assertive\" value=\"wpforms-submit\">enviar<\/button><\/div><input type=\"hidden\" name=\"trp-form-language\" value=\"es_es\"\/><\/form><\/div>  <!-- .wpforms-container -->\n<\/div><\/section><\/p><\/div>","protected":false},"excerpt":{"rendered":"","protected":false},"author":1,"featured_media":0,"parent":0,"menu_order":0,"comment_status":"closed","ping_status":"closed","template":"","meta":{"footnotes":""},"class_list":["post-3346","page","type-page","status-publish","hentry"],"jetpack_sharing_enabled":true,"_links":{"self":[{"href":"https:\/\/revoltfood.com\/es_es\/wp-json\/wp\/v2\/pages\/3346","targetHints":{"allow":["GET"]}}],"collection":[{"href":"https:\/\/revoltfood.com\/es_es\/wp-json\/wp\/v2\/pages"}],"about":[{"href":"https:\/\/revoltfood.com\/es_es\/wp-json\/wp\/v2\/types\/page"}],"author":[{"embeddable":true,"href":"https:\/\/revoltfood.com\/es_es\/wp-json\/wp\/v2\/users\/1"}],"replies":[{"embeddable":true,"href":"https:\/\/revoltfood.com\/es_es\/wp-json\/wp\/v2\/comments?post=3346"}],"version-history":[{"count":10,"href":"https:\/\/revoltfood.com\/es_es\/wp-json\/wp\/v2\/pages\/3346\/revisions"}],"predecessor-version":[{"id":4061,"href":"https:\/\/revoltfood.com\/es_es\/wp-json\/wp\/v2\/pages\/3346\/revisions\/4061"}],"wp:attachment":[{"href":"https:\/\/revoltfood.com\/es_es\/wp-json\/wp\/v2\/media?parent=3346"}],"curies":[{"name":"wp","href":"https:\/\/api.w.org\/{rel}","templated":true}]}}