{"id":3335,"date":"2020-12-10T13:19:29","date_gmt":"2020-12-10T13:19:29","guid":{"rendered":"http:\/\/revoltfood.com\/?page_id=3335"},"modified":"2022-02-26T15:25:10","modified_gmt":"2022-02-26T15:25:10","slug":"subscription","status":"publish","type":"page","link":"https:\/\/revoltfood.com\/es_es\/subscription\/","title":{"rendered":"SUSCRIBIR"},"content":{"rendered":"<div class=\"flex_column av_one_full  flex_column_div av-zero-column-padding first\" style='border-radius:0px; '><section class=\"av_textblock_section\"  itemscope=\"itemscope\" itemtype=\"https:\/\/schema.org\/CreativeWork\" ><div class='avia_textblock'   itemprop=\"text\" ><h1 style=\"text-align: center;\"><span style=\"font-weight: 400;\">SUSCRIBIR<\/span><\/h1>\n<\/div><\/section><\/div>\n<div class=\"flex_column av_one_full  flex_column_div av-zero-column-padding first\" style='border-radius:0px; '><section class=\"av_textblock_section\"  itemscope=\"itemscope\" itemtype=\"https:\/\/schema.org\/CreativeWork\" ><div class='avia_textblock'   itemprop=\"text\" ><div class=\"woocommerce\"><ul class=\"products columns-3\">\n<li class=\"product type-product post-3375 status-publish first instock product_cat-save-the-olive-trees product_cat-subscription has-post-thumbnail sale taxable shipping-taxable purchasable product-type-subscription\">\n\t<div class='inner_product main_color wrapped_style noLightbox product_on_sale av-product-class-'><a href=\"https:\/\/revoltfood.com\/es_es\/producto\/yearly-membership\/\" class=\"woocommerce-LoopProduct-link woocommerce-loop-product__link\"><div class='thumbnail_container'><img loading=\"lazy\" decoding=\"async\" width=\"300\" height=\"300\" src=\"https:\/\/revoltfood.com\/wp-content\/uploads\/2020\/12\/AboPack-Inhalt-300x300.jpeg\" class=\"attachment-shop_catalog size-shop_catalog wp-post-image\" alt=\"\" srcset=\"https:\/\/revoltfood.com\/wp-content\/uploads\/2020\/12\/AboPack-Inhalt-300x300.jpeg 300w, https:\/\/revoltfood.com\/wp-content\/uploads\/2020\/12\/AboPack-Inhalt-80x80.jpeg 80w, https:\/\/revoltfood.com\/wp-content\/uploads\/2020\/12\/AboPack-Inhalt-36x36.jpeg 36w, https:\/\/revoltfood.com\/wp-content\/uploads\/2020\/12\/AboPack-Inhalt-180x180.jpeg 180w, https:\/\/revoltfood.com\/wp-content\/uploads\/2020\/12\/AboPack-Inhalt-100x100.jpeg 100w\" sizes=\"auto, (max-width: 300px) 100vw, 300px\" \/><\/div><div class='inner_product_header'><div class='avia-arrow'><\/div><div class='inner_product_header_table'><div class='inner_product_header_cell'><h2 class=\"woocommerce-loop-product__title\">Revolt Real Olive Oil 12 Litros \u2013 Suscripci\u00f3n Anual<\/h2>\n\t<span class=\"price\"><del aria-hidden=\"true\"><span class=\"woocommerce-Price-amount amount\"><bdi><span class=\"woocommerce-Price-currencySymbol\">&euro;<\/span>330,00<\/bdi><\/span><\/del> <ins><span class=\"woocommerce-Price-amount amount\"><bdi><span class=\"woocommerce-Price-currencySymbol\">&euro;<\/span>264,00<\/bdi><\/span><\/ins> <span class=\"subscription-details\"> \/ a\u00f1o<\/span><\/span>\n\n\t<span class=\"onsale\" data-no-translation=\"\" data-trp-gettext=\"\">\u00a1Oferta!<\/span>\n\t<\/div><\/div><\/div><\/a><div class='avia_cart_buttons'><a href=\"?add-to-cart=3375\" data-quantity=\"1\" class=\"button product_type_subscription add_to_cart_button ajax_add_to_cart\" data-product_id=\"3375\" data-product_sku=\"a\" aria-label=\"A\u00f1adir al carrito: \u201cRevolt Real Olive Oil 12 Litres - Yearly Membership\u201d\" aria-describedby=\"\" rel=\"nofollow\" data-no-translation-aria-label=\"\"><span aria-hidden='true' data-av_icon='\ue859' data-av_iconfont='entypo-fontello'><\/span> suscribir<\/a><a class=\"button show_details_button\" href=\"https:\/\/revoltfood.com\/es_es\/producto\/yearly-membership\/\"><span aria-hidden='true' data-av_icon='\ue84b' data-av_iconfont='entypo-fontello'><\/span>  Mostrar detalles<\/a> <span class='button-mini-delimiter'><\/span><\/div><\/div><\/li>\n<\/ul>\n<\/div>\n<\/div><\/section><\/div>\n<div class=\"flex_column av_one_half  flex_column_div av-zero-column-padding first\" style='border-radius:0px; '><section class=\"av_textblock_section\"  itemscope=\"itemscope\" itemtype=\"https:\/\/schema.org\/CreativeWork\" ><div class='avia_textblock'   itemprop=\"text\" ><h2><span style=\"font-weight: 400;\">acerca de la suscripci\u00f3n<\/span><\/h2>\n<p><span style=\"font-weight: 400;\">Como miembro de <\/span><span style=\"font-weight: 400;\">REVOLT<\/span><span style=\"font-weight: 400;\"> tu<\/span><\/p>\n<ul>\n<li>ayudas a luchar contra uno de los grandes desastres ecosist\u00e9micos del Mediterr\u00e1neo: la toma de control del olivo transg\u00e9nico y<\/li>\n<li>apoyas a una comunidad local dejando al lado a la agricultura industrial<br \/>\n<a style=\"font-family: -apple-system, BlinkMacSystemFont, 'Segoe UI', Roboto, Oxygen-Sans, Ubuntu, Cantarell, 'Helvetica Neue', sans-serif;\" href=\"https:\/\/revoltfood.com\/es_es\/about\/\">aprende m\u00e1s<\/a><\/li>\n<\/ul>\n<p><span style=\"font-weight: 400;\">La suscripci\u00f3n proporciona una soluci\u00f3n de la granja a la mesa para obtener un aceite de oliva realmente excepcional.<\/span><\/p>\n<ul>\n<li>cosechado a mano y solo de \u00e1rboles viejos<\/li>\n<li>un m\u00e1ximo de tres horas desde la cosecha hasta la molienda<\/li>\n<li>prensado a baja temperatura y solo por medios mec\u00e1nicos<\/li>\n<\/ul>\n<\/div><\/section><\/div>\n<div class=\"flex_column av_one_half  flex_column_div av-zero-column-padding\" style='border-radius:0px; '><section class=\"av_textblock_section\"  itemscope=\"itemscope\" itemtype=\"https:\/\/schema.org\/CreativeWork\" ><div class='avia_textblock'   itemprop=\"text\" ><h2 style=\"text-align: left;\"><span style=\"font-weight: 400;\">\u00bfQU\u00c9 RECIBO COMO MIEMBRO?<\/span><\/h2>\n<p style=\"text-align: left;\">Subscriptores anuales reciben <strong style=\"font-weight: 400;\">12 litros de nuestro Aceite de Oliva Virgen Extra Premium<\/strong> una vez al a\u00f1o en noviembre o diciembre, dependiendo de la \u00e9poca de cosecha. El aceite se entrega en cuatro envases de cart\u00f3n de f\u00e1cil uso, herm\u00e9ticos e impermeables de 3 litros cada uno.<\/p>\n<p>Adicionalmente los primeros 50 suscriptores reciben <strong style=\"font-weight: 400;\">una hermosa tela de cera<\/strong> para el envoltorio de alimentos (\u00a1boicot al papel de aluminio!) por nuestra querida amiga y compa\u00f1era activista por la sostenibilidad, Anna Oswald. Si solo pensaste \"qu\u00e9 gran idea, mi abuela tuvo eso\", comun\u00edcate con Anna <a href=\"https:\/\/revoltfood.com\/wp-admin\/annalivia.oswald@gmail.com\">directamente<\/a>.<\/p>\n<p>Aparte de todo esto, y seg\u00fan disponibilidad, <a href=\"https:\/\/revoltfood.com\/es_es\/green-marinated-olives\/\"><strong style=\"font-weight: 400;\">algunas golosinas<\/strong><\/a> como las aceitunas marinadas, elaboradas por la parte andaluza de nuestra familia, tambi\u00e9n llegar\u00e1n a ti.<\/p>\n<p style=\"text-align: left;\"><span style=\"font-family: -apple-system, BlinkMacSystemFont, 'Segoe UI', Roboto, Oxygen-Sans, Ubuntu, Cantarell, 'Helvetica Neue', sans-serif;\">Los miembros tienen derecho a comprar botellas adicionales, aceitunas marinadas, pat\u00eas y pestos a precios reducidos, seg\u00fan disponibilidad. Vea nuestro <\/span><a style=\"font-family: -apple-system, BlinkMacSystemFont, 'Segoe UI', Roboto, Oxygen-Sans, Ubuntu, Cantarell, 'Helvetica Neue', sans-serif;\" href=\"https:\/\/revoltfood.com\/es_es\/buy-a-bottle\/\">shop<\/a><span style=\"font-family: -apple-system, BlinkMacSystemFont, 'Segoe UI', Roboto, Oxygen-Sans, Ubuntu, Cantarell, 'Helvetica Neue', sans-serif;\"> para m\u00e1s informaci\u00f3n.<\/span><\/p>\n<p style=\"text-align: left;\"><span style=\"font-weight: 400;\">\u00a0<\/span><\/p>\n<\/div><\/section><br \/>\n<div class='avia-button-wrap avia-button-left'><a href='https:\/\/revoltfood.com\/es_es\/producto\/yearly-membership\/'  class='avia-button   avia-icon_select-yes-left-icon avia-color-theme-color avia-size-medium avia-position-left'   ><span class='avia_button_icon avia_button_icon_left' aria-hidden='true' data-av_icon='\ue812' data-av_iconfont='entypo-fontello'><\/span><span class='avia_iconbox_title' >suscribir<\/span><\/a><\/div><\/p><\/div>\n<div  class='hr hr-default'><span class='hr-inner' ><span class='hr-inner-style'><\/span><\/span><\/div>\n<div class=\"flex_column av_one_half  flex_column_div av-zero-column-padding first\" style='border-radius:0px; '><section class=\"av_textblock_section\"  itemscope=\"itemscope\" itemtype=\"https:\/\/schema.org\/CreativeWork\" ><div class='avia_textblock'   itemprop=\"text\" ><h3><span style=\"font-weight: 400;\">Nuestra misi\u00f3n es<\/span><\/h3>\n<p><span style=\"font-weight: 400;\">para salvar olivos viejos, y producir un aceite de oliva excepcional y puro que distribuimos directamente a nuestros clientes.<\/span><span style=\"font-weight: 400;\"><br \/>\n<\/span><a href=\"https:\/\/nyti.ms\/2cCUEtM\"><span style=\"font-weight: 400;\">Aqu\u00ed<\/span><\/a><span style=\"font-weight: 400;\"> encuentras ese famoso clip del New York Times llamado \"Suicidio extra virgen\" que explica lo que est\u00e1 mal en el negocio del aceite de oliva.<\/span><\/p>\n<p><span style=\"font-weight: 400;\">Impacto doble<\/span><span style=\"font-weight: 400;\"><br \/>\n<\/span><span style=\"font-weight: 400;\">\u2013 del lado del consumidor, facilitamos la obtenci\u00f3n de aceite de oliva sin adulterar sin la \u201cayuda\u201d de la Gran Industria.<\/span><span style=\"font-weight: 400;\"><br \/>\n<\/span><span style=\"font-weight: 400;\">\u2013 en Andaluc\u00eda ofrecemos una nueva forma de producir y distribuir aceite de oliva, dando as\u00ed un impulso a la agricultura sostenible, manteniendo estos antiguos ecosistemas mediterr\u00e1neos de viejos olivares y repercutiendo positivamente en las sociedades locales ganando su parte justa.<\/span><span style=\"font-weight: 400;\"><br \/>\n<\/span><span style=\"font-weight: 400;\"><a href=\"https:\/\/revoltfood.com\/es_es\/eco-certification\/\">Aprende m\u00e1s<\/a> sobre tu impacto local.<\/span><span style=\"font-weight: 400;\"><br \/>\n<\/span><\/p>\n<\/div><\/section><\/div>\n<div class=\"flex_column av_one_half  flex_column_div av-zero-column-padding\" style='border-radius:0px; '><section class=\"av_textblock_section\"  itemscope=\"itemscope\" itemtype=\"https:\/\/schema.org\/CreativeWork\" ><div class='avia_textblock'   itemprop=\"text\" ><h3><span style=\"font-weight: 400;\">Aceite actual<\/span><\/h3>\n<p>Productor - <span style=\"font-weight: 400;\">Almazara el Manzanillo S.L., Zahara de la Sierra, C\u00e1diz<br \/>\n<\/span>Variedades <span style=\"font-weight: 400;\">Hojiblanca, Manzanilla y Lechin<\/span><span style=\"font-weight: 400;\"><br \/>\n<\/span>Origen - <span style=\"font-weight: 400;\"><em>La Huertezuela<\/em> olivar en la provincia de C\u00e1diz<\/span><span style=\"font-weight: 400;\"><br \/>\n<\/span>Cosecha - <span style=\"font-weight: 400;\">Octubre 2021<\/span><span style=\"font-weight: 400;\"><br \/>\n<\/span>Region &#8211; <span style=\"font-weight: 400;\">Sierra de C\u00e1diz, Andaluc\u00eda, Spain<\/span><span style=\"font-weight: 400;\"><br \/>\n<\/span>Atributos \u2013 <span style=\"font-weight: 400;\">delicado aceite afrutado con sabores de aceitunas verdes, tomates frescos,\u00a0<\/span><span style=\"font-weight: 400;\">almendras y manzana, seguido de un final picante, alargado y decente.<\/span><span style=\"font-weight: 400;\"><br \/>\n<\/span> <span style=\"font-weight: 400;\">.<\/span><\/p>\n<h3><\/h3>\n<\/div><\/section><\/div><div class=\"flex_column av_one_full  flex_column_div av-zero-column-padding first\" style='border-radius:0px; '><section class=\"av_textblock_section\"  itemscope=\"itemscope\" itemtype=\"https:\/\/schema.org\/CreativeWork\" ><div class='avia_textblock'   itemprop=\"text\" ><h3 style=\"text-align: center;\"><span style=\"font-weight: 400;\">\u00bfBuscas el regalo perfecto?<\/span><\/h3>\n<p style=\"text-align: center;\"><span style=\"font-weight: 400;\">Nuestra suscripci\u00f3n de aceite de oliva es un gran regalo para cualquier ocasi\u00f3n.<\/span><span style=\"font-weight: 400;\"><br \/>\n<\/span><span style=\"font-weight: 400;\">Simplemente haga clic en la opci\u00f3n de regalo al comprar, complete la informaci\u00f3n de env\u00edo de los destinatarios y escriba su mensaje de regalo. Si deja una direcci\u00f3n de correo electr\u00f3nico del destinatario, recibir\u00e1 actualizaciones sobre el proyecto y promociones de nuevos productos.<\/span><\/p>\n<h3 style=\"text-align: center;\"><\/h3>\n<h3 style=\"text-align: center;\"><\/h3>\n<\/div><\/section><\/div><\/p>","protected":false},"excerpt":{"rendered":"","protected":false},"author":1,"featured_media":0,"parent":0,"menu_order":0,"comment_status":"closed","ping_status":"closed","template":"","meta":{"footnotes":""},"class_list":["post-3335","page","type-page","status-publish","hentry"],"jetpack_sharing_enabled":true,"_links":{"self":[{"href":"https:\/\/revoltfood.com\/es_es\/wp-json\/wp\/v2\/pages\/3335","targetHints":{"allow":["GET"]}}],"collection":[{"href":"https:\/\/revoltfood.com\/es_es\/wp-json\/wp\/v2\/pages"}],"about":[{"href":"https:\/\/revoltfood.com\/es_es\/wp-json\/wp\/v2\/types\/page"}],"author":[{"embeddable":true,"href":"https:\/\/revoltfood.com\/es_es\/wp-json\/wp\/v2\/users\/1"}],"replies":[{"embeddable":true,"href":"https:\/\/revoltfood.com\/es_es\/wp-json\/wp\/v2\/comments?post=3335"}],"version-history":[{"count":26,"href":"https:\/\/revoltfood.com\/es_es\/wp-json\/wp\/v2\/pages\/3335\/revisions"}],"predecessor-version":[{"id":3999,"href":"https:\/\/revoltfood.com\/es_es\/wp-json\/wp\/v2\/pages\/3335\/revisions\/3999"}],"wp:attachment":[{"href":"https:\/\/revoltfood.com\/es_es\/wp-json\/wp\/v2\/media?parent=3335"}],"curies":[{"name":"wp","href":"https:\/\/api.w.org\/{rel}","templated":true}]}}