{"id":3328,"date":"2020-12-10T13:03:18","date_gmt":"2020-12-10T13:03:18","guid":{"rendered":"http:\/\/revoltfood.com\/?page_id=3328"},"modified":"2021-02-08T14:40:05","modified_gmt":"2021-02-08T14:40:05","slug":"eco-certification","status":"publish","type":"page","link":"https:\/\/revoltfood.com\/es_es\/eco-certification\/","title":{"rendered":"ECO-CERTIFICACI\u00d3N"},"content":{"rendered":"<div class=\"flex_column av_one_full  flex_column_div av-zero-column-padding first\" style='border-radius:0px; '><section class=\"av_textblock_section\"  itemscope=\"itemscope\" itemtype=\"https:\/\/schema.org\/CreativeWork\" ><div class='avia_textblock'   itemprop=\"text\" ><h1 style=\"text-align: center\"><span style=\"font-weight: 400\">ECO-CERTIFICACI\u00d3N<\/span><\/h1>\n<\/div><\/section><\/div>\n<div class=\"flex_column av_one_fifth  flex_column_div av-zero-column-padding first\" style='border-radius:0px; '><\/div>\n<div class=\"flex_column av_three_fifth  flex_column_div av-zero-column-padding\" style='border-radius:0px; '><section class=\"av_textblock_section\"  itemscope=\"itemscope\" itemtype=\"https:\/\/schema.org\/CreativeWork\" ><div class='avia_textblock'   itemprop=\"text\" ><p style=\"text-align: left\"><span style=\"font-weight: 400\">Uno de los puntos centrales de nuestro proyecto es ecocertificar jardines viejos que ya funcionan de manera org\u00e1nica simplemente porque no se fumigan ni se aran.<br \/>\nEs por ello que nuestros aceites premium de huertas rescatadas, aunque provienen de entornos v\u00edrgenes, a\u00fan no cuentan con la ecoetiqueta y necesitan de tu apoyo para alcanzar ese objetivo.<\/span><span style=\"font-weight: 400\"><br \/>\n<\/span><span style=\"font-weight: 400\">Ver\u00e1, los olivareros a tiempo parcial, en su mayor\u00eda personas mayores, no est\u00e1n preparados para recorrer el complicado camino hacia la certificaci\u00f3n de agricultura org\u00e1nica, al menos no solos.<\/span><span style=\"font-weight: 400\"><br \/>\n<\/span><span style=\"font-weight: 400\">Por lo tanto organizamos este proceso, las charlas, inspecciones y tr\u00e1mites y pagamos las tasas. Tambi\u00e9n ayudamos a los agricultores a recibir las correspondientes ayudas que ofrece la Uni\u00f3n Europea.<\/span><\/p>\n<\/div><\/section><\/div>","protected":false},"excerpt":{"rendered":"","protected":false},"author":1,"featured_media":0,"parent":0,"menu_order":0,"comment_status":"closed","ping_status":"closed","template":"","meta":{"footnotes":""},"class_list":["post-3328","page","type-page","status-publish","hentry"],"jetpack_sharing_enabled":true,"_links":{"self":[{"href":"https:\/\/revoltfood.com\/es_es\/wp-json\/wp\/v2\/pages\/3328","targetHints":{"allow":["GET"]}}],"collection":[{"href":"https:\/\/revoltfood.com\/es_es\/wp-json\/wp\/v2\/pages"}],"about":[{"href":"https:\/\/revoltfood.com\/es_es\/wp-json\/wp\/v2\/types\/page"}],"author":[{"embeddable":true,"href":"https:\/\/revoltfood.com\/es_es\/wp-json\/wp\/v2\/users\/1"}],"replies":[{"embeddable":true,"href":"https:\/\/revoltfood.com\/es_es\/wp-json\/wp\/v2\/comments?post=3328"}],"version-history":[{"count":6,"href":"https:\/\/revoltfood.com\/es_es\/wp-json\/wp\/v2\/pages\/3328\/revisions"}],"predecessor-version":[{"id":3693,"href":"https:\/\/revoltfood.com\/es_es\/wp-json\/wp\/v2\/pages\/3328\/revisions\/3693"}],"wp:attachment":[{"href":"https:\/\/revoltfood.com\/es_es\/wp-json\/wp\/v2\/media?parent=3328"}],"curies":[{"name":"wp","href":"https:\/\/api.w.org\/{rel}","templated":true}]}}